{"id":79,"date":"2019-04-06T01:17:46","date_gmt":"2019-04-05T23:17:46","guid":{"rendered":"https:\/\/psychoterapie-brno.eu\/?page_id=79"},"modified":"2019-04-06T01:31:10","modified_gmt":"2019-04-05T23:31:10","slug":"drogova-problematika","status":"publish","type":"page","link":"https:\/\/psychoterapie-brno.eu\/index.php\/nabidka-sluzeb\/drogova-problematika\/","title":{"rendered":"Drogov\u00e1 problematika"},"content":{"rendered":"\n<p>Jak v\u00e1m mohu pomoci:<\/p>\n\n\n\n<p>M\u00e1te podez\u0159en\u00ed na p\u0159\u00edtomnost drog ve va\u0161\u00ed dom\u00e1cnosti? Je zde n\u011bkdo, o koho m\u00e1te v t\u00e9to souvislosti obavy?<\/p>\n\n\n\n<ul class=\"wp-block-list\"><li>Nab\u00edz\u00edm v\u00e1m mo\u017enost prodiskutovat va\u0161e podez\u0159en\u00ed s odborn\u00edkem na tuto problematiku, nab\u00eddnout mo\u017enosti jak vznikl\u00e9 situaci v\u00edce porozum\u011bt, jak si se situac\u00ed sn\u00e1ze poradit.<\/li><li>Mohu v\u00e1m pomoci zorientovat se v tom, jak odhadnout u d\u00edt\u011bte u\u017e\u00edv\u00e1n\u00ed drog.<\/li><li>Jsem schopni informovat v\u00e1s o p\u016fsoben\u00ed jednotliv\u00fdch l\u00e1tek a jejich \u0161kodliv\u00fdch dopad\u016f na u\u017eivatele.<\/li><li>Nau\u010dit v\u00e1s reagovat na konkr\u00e9tn\u00ed p\u0159\u00edpady.<\/li><\/ul>\n<p>Views: 1012<\/p>","protected":false},"excerpt":{"rendered":"<p>Jak v\u00e1m mohu pomoci: M\u00e1te podez\u0159en\u00ed na p\u0159\u00edtomnost drog ve va\u0161\u00ed dom\u00e1cnosti? Je zde n\u011bkdo, o koho m\u00e1te v t\u00e9to souvislosti obavy? Nab\u00edz\u00edm v\u00e1m mo\u017enost prodiskutovat va\u0161e podez\u0159en\u00ed s odborn\u00edkem na tuto problematiku, nab\u00eddnout mo\u017enosti jak vznikl\u00e9 situaci v\u00edce porozum\u011bt, jak si se situac\u00ed sn\u00e1ze poradit. Mohu v\u00e1m pomoci zorientovat se v tom, jak odhadnout [&hellip;]<\/p>\n","protected":false},"author":1,"featured_media":0,"parent":16,"menu_order":4,"comment_status":"closed","ping_status":"closed","template":"","meta":{"footnotes":""},"class_list":["post-79","page","type-page","status-publish","hentry"],"yoast_head":"<!-- This site is optimized with the Yoast SEO plugin v27.4 - https:\/\/yoast.com\/product\/yoast-seo-wordpress\/ -->\n<title>Drogov\u00e1 problematika - Psychoterapie Brno | Roman Petr\u017eelka<\/title>\n<meta name=\"robots\" content=\"index, follow, max-snippet:-1, max-image-preview:large, max-video-preview:-1\" \/>\n<link rel=\"canonical\" href=\"https:\/\/psychoterapie-brno.eu\/index.php\/nabidka-sluzeb\/drogova-problematika\/\" \/>\n<meta property=\"og:locale\" content=\"cs_CZ\" \/>\n<meta property=\"og:type\" content=\"article\" \/>\n<meta property=\"og:title\" content=\"Drogov\u00e1 problematika - Psychoterapie Brno | Roman Petr\u017eelka\" \/>\n<meta property=\"og:description\" content=\"Jak v\u00e1m mohu pomoci: M\u00e1te podez\u0159en\u00ed na p\u0159\u00edtomnost drog ve va\u0161\u00ed dom\u00e1cnosti? Je zde n\u011bkdo, o koho m\u00e1te v t\u00e9to souvislosti obavy? Nab\u00edz\u00edm v\u00e1m mo\u017enost prodiskutovat va\u0161e podez\u0159en\u00ed s odborn\u00edkem na tuto problematiku, nab\u00eddnout mo\u017enosti jak vznikl\u00e9 situaci v\u00edce porozum\u011bt, jak si se situac\u00ed sn\u00e1ze poradit. Mohu v\u00e1m pomoci zorientovat se v tom, jak odhadnout [&hellip;]\" \/>\n<meta property=\"og:url\" content=\"https:\/\/psychoterapie-brno.eu\/index.php\/nabidka-sluzeb\/drogova-problematika\/\" \/>\n<meta property=\"og:site_name\" content=\"Psychoterapie Brno | Roman Petr\u017eelka\" \/>\n<meta property=\"article:modified_time\" content=\"2019-04-05T23:31:10+00:00\" \/>\n<meta name=\"twitter:card\" content=\"summary_large_image\" \/>\n<meta name=\"twitter:label1\" content=\"Odhadovan\u00e1 doba \u010dten\u00ed\" \/>\n\t<meta name=\"twitter:data1\" content=\"1 minuta\" \/>\n<script type=\"application\/ld+json\" class=\"yoast-schema-graph\">{\"@context\":\"https:\\\/\\\/schema.org\",\"@graph\":[{\"@type\":\"WebPage\",\"@id\":\"https:\\\/\\\/psychoterapie-brno.eu\\\/index.php\\\/nabidka-sluzeb\\\/drogova-problematika\\\/\",\"url\":\"https:\\\/\\\/psychoterapie-brno.eu\\\/index.php\\\/nabidka-sluzeb\\\/drogova-problematika\\\/\",\"name\":\"Drogov\u00e1 problematika - Psychoterapie Brno | Roman Petr\u017eelka\",\"isPartOf\":{\"@id\":\"https:\\\/\\\/psychoterapie-brno.eu\\\/#website\"},\"datePublished\":\"2019-04-05T23:17:46+00:00\",\"dateModified\":\"2019-04-05T23:31:10+00:00\",\"breadcrumb\":{\"@id\":\"https:\\\/\\\/psychoterapie-brno.eu\\\/index.php\\\/nabidka-sluzeb\\\/drogova-problematika\\\/#breadcrumb\"},\"inLanguage\":\"cs\",\"potentialAction\":[{\"@type\":\"ReadAction\",\"target\":[\"https:\\\/\\\/psychoterapie-brno.eu\\\/index.php\\\/nabidka-sluzeb\\\/drogova-problematika\\\/\"]}]},{\"@type\":\"BreadcrumbList\",\"@id\":\"https:\\\/\\\/psychoterapie-brno.eu\\\/index.php\\\/nabidka-sluzeb\\\/drogova-problematika\\\/#breadcrumb\",\"itemListElement\":[{\"@type\":\"ListItem\",\"position\":1,\"name\":\"Dom\u016f\",\"item\":\"https:\\\/\\\/psychoterapie-brno.eu\\\/\"},{\"@type\":\"ListItem\",\"position\":2,\"name\":\"Nab\u00eddka slu\u017eeb\",\"item\":\"https:\\\/\\\/psychoterapie-brno.eu\\\/index.php\\\/nabidka-sluzeb\\\/\"},{\"@type\":\"ListItem\",\"position\":3,\"name\":\"Drogov\u00e1 problematika\"}]},{\"@type\":\"WebSite\",\"@id\":\"https:\\\/\\\/psychoterapie-brno.eu\\\/#website\",\"url\":\"https:\\\/\\\/psychoterapie-brno.eu\\\/\",\"name\":\"Psychoterapie Brno\",\"description\":\"Krizov\u00e1 intervence, individu\u00e1ln\u00ed psychoterapie, kou\u010dink p\u0159i zm\u011bn\u011b \u017eivotn\u00edho stylu, p\u00e1rov\u00e1 terapie. Poradna pro z\u00e1visl\u00e9 nejen na alkoholu a jejich rodinn\u00e9 p\u0159\u00edslu\u0161n\u00edky.\",\"potentialAction\":[{\"@type\":\"SearchAction\",\"target\":{\"@type\":\"EntryPoint\",\"urlTemplate\":\"https:\\\/\\\/psychoterapie-brno.eu\\\/?s={search_term_string}\"},\"query-input\":{\"@type\":\"PropertyValueSpecification\",\"valueRequired\":true,\"valueName\":\"search_term_string\"}}],\"inLanguage\":\"cs\"}]}<\/script>\n<!-- \/ Yoast SEO plugin. -->","yoast_head_json":{"title":"Drogov\u00e1 problematika - Psychoterapie Brno | Roman Petr\u017eelka","robots":{"index":"index","follow":"follow","max-snippet":"max-snippet:-1","max-image-preview":"max-image-preview:large","max-video-preview":"max-video-preview:-1"},"canonical":"https:\/\/psychoterapie-brno.eu\/index.php\/nabidka-sluzeb\/drogova-problematika\/","og_locale":"cs_CZ","og_type":"article","og_title":"Drogov\u00e1 problematika - Psychoterapie Brno | Roman Petr\u017eelka","og_description":"Jak v\u00e1m mohu pomoci: M\u00e1te podez\u0159en\u00ed na p\u0159\u00edtomnost drog ve va\u0161\u00ed dom\u00e1cnosti? Je zde n\u011bkdo, o koho m\u00e1te v t\u00e9to souvislosti obavy? Nab\u00edz\u00edm v\u00e1m mo\u017enost prodiskutovat va\u0161e podez\u0159en\u00ed s odborn\u00edkem na tuto problematiku, nab\u00eddnout mo\u017enosti jak vznikl\u00e9 situaci v\u00edce porozum\u011bt, jak si se situac\u00ed sn\u00e1ze poradit. Mohu v\u00e1m pomoci zorientovat se v tom, jak odhadnout [&hellip;]","og_url":"https:\/\/psychoterapie-brno.eu\/index.php\/nabidka-sluzeb\/drogova-problematika\/","og_site_name":"Psychoterapie Brno | Roman Petr\u017eelka","article_modified_time":"2019-04-05T23:31:10+00:00","twitter_card":"summary_large_image","twitter_misc":{"Odhadovan\u00e1 doba \u010dten\u00ed":"1 minuta"},"schema":{"@context":"https:\/\/schema.org","@graph":[{"@type":"WebPage","@id":"https:\/\/psychoterapie-brno.eu\/index.php\/nabidka-sluzeb\/drogova-problematika\/","url":"https:\/\/psychoterapie-brno.eu\/index.php\/nabidka-sluzeb\/drogova-problematika\/","name":"Drogov\u00e1 problematika - Psychoterapie Brno | Roman Petr\u017eelka","isPartOf":{"@id":"https:\/\/psychoterapie-brno.eu\/#website"},"datePublished":"2019-04-05T23:17:46+00:00","dateModified":"2019-04-05T23:31:10+00:00","breadcrumb":{"@id":"https:\/\/psychoterapie-brno.eu\/index.php\/nabidka-sluzeb\/drogova-problematika\/#breadcrumb"},"inLanguage":"cs","potentialAction":[{"@type":"ReadAction","target":["https:\/\/psychoterapie-brno.eu\/index.php\/nabidka-sluzeb\/drogova-problematika\/"]}]},{"@type":"BreadcrumbList","@id":"https:\/\/psychoterapie-brno.eu\/index.php\/nabidka-sluzeb\/drogova-problematika\/#breadcrumb","itemListElement":[{"@type":"ListItem","position":1,"name":"Dom\u016f","item":"https:\/\/psychoterapie-brno.eu\/"},{"@type":"ListItem","position":2,"name":"Nab\u00eddka slu\u017eeb","item":"https:\/\/psychoterapie-brno.eu\/index.php\/nabidka-sluzeb\/"},{"@type":"ListItem","position":3,"name":"Drogov\u00e1 problematika"}]},{"@type":"WebSite","@id":"https:\/\/psychoterapie-brno.eu\/#website","url":"https:\/\/psychoterapie-brno.eu\/","name":"Psychoterapie Brno","description":"Krizov\u00e1 intervence, individu\u00e1ln\u00ed psychoterapie, kou\u010dink p\u0159i zm\u011bn\u011b \u017eivotn\u00edho stylu, p\u00e1rov\u00e1 terapie. Poradna pro z\u00e1visl\u00e9 nejen na alkoholu a jejich rodinn\u00e9 p\u0159\u00edslu\u0161n\u00edky.","potentialAction":[{"@type":"SearchAction","target":{"@type":"EntryPoint","urlTemplate":"https:\/\/psychoterapie-brno.eu\/?s={search_term_string}"},"query-input":{"@type":"PropertyValueSpecification","valueRequired":true,"valueName":"search_term_string"}}],"inLanguage":"cs"}]}},"_links":{"self":[{"href":"https:\/\/psychoterapie-brno.eu\/index.php\/wp-json\/wp\/v2\/pages\/79","targetHints":{"allow":["GET"]}}],"collection":[{"href":"https:\/\/psychoterapie-brno.eu\/index.php\/wp-json\/wp\/v2\/pages"}],"about":[{"href":"https:\/\/psychoterapie-brno.eu\/index.php\/wp-json\/wp\/v2\/types\/page"}],"author":[{"embeddable":true,"href":"https:\/\/psychoterapie-brno.eu\/index.php\/wp-json\/wp\/v2\/users\/1"}],"replies":[{"embeddable":true,"href":"https:\/\/psychoterapie-brno.eu\/index.php\/wp-json\/wp\/v2\/comments?post=79"}],"version-history":[{"count":2,"href":"https:\/\/psychoterapie-brno.eu\/index.php\/wp-json\/wp\/v2\/pages\/79\/revisions"}],"predecessor-version":[{"id":89,"href":"https:\/\/psychoterapie-brno.eu\/index.php\/wp-json\/wp\/v2\/pages\/79\/revisions\/89"}],"up":[{"embeddable":true,"href":"https:\/\/psychoterapie-brno.eu\/index.php\/wp-json\/wp\/v2\/pages\/16"}],"wp:attachment":[{"href":"https:\/\/psychoterapie-brno.eu\/index.php\/wp-json\/wp\/v2\/media?parent=79"}],"curies":[{"name":"wp","href":"https:\/\/api.w.org\/{rel}","templated":true}]}}