{"id":77,"date":"2019-04-06T01:17:02","date_gmt":"2019-04-05T23:17:02","guid":{"rendered":"https:\/\/psychoterapie-brno.eu\/?page_id=77"},"modified":"2019-04-06T01:22:14","modified_gmt":"2019-04-05T23:22:14","slug":"osobni-rozvoj","status":"publish","type":"page","link":"https:\/\/psychoterapie-brno.eu\/index.php\/nabidka-sluzeb\/osobni-rozvoj\/","title":{"rendered":"Osobn\u00ed rozvoj"},"content":{"rendered":"\n<p>Ocitli jste se najednou na \u017eivotn\u00ed k\u0159i\u017eovatce a nen\u00ed v\u00e1m jasn\u00e9, kterou z cest se d\u00e1t? Jste nerozhodn\u00ed, netu\u0161\u00edte, co v tomto okam\u017eiku od sebe o\u010dek\u00e1v\u00e1te a jak by m\u011bla va\u0161e dal\u0161\u00ed cesta \u017eivotem vypadat? Mnoho ot\u00e1zek a pram\u00e1lo odpov\u011bd\u00ed \u2013 to je p\u0159esn\u011b ten stav, kdy\u017e je t\u0159eba uv\u011bdomit si \u201ekdo jsem, co vlastn\u011b od sebe chci, co chci od ostatn\u00edch, co chci od \u017eivota\u201c.<\/p>\n\n\n\n<p>Nab\u00edz\u00edm v\u00e1m mo\u017enost hledat a nach\u00e1zet odpov\u011bdi na tyto a podobn\u00e9 ot\u00e1zky. Cesta osobn\u00edho rozvoje je ta nejp\u0159irozen\u011bj\u0161\u00ed cesta, kterou m\u016f\u017ee kr\u00e1\u010det naprosto ka\u017ed\u00fd. <\/p>\n\n\n\n<ul class=\"wp-block-list\"><li>Jsem schopen v\u00e1m nab\u00eddnout pomoc v podob\u011b hled\u00e1n\u00ed smyslu a cesty, kterou se m\u00e1te d\u00e1t.<\/li><\/ul>\n<p>Views: 1047<\/p>","protected":false},"excerpt":{"rendered":"<p>Ocitli jste se najednou na \u017eivotn\u00ed k\u0159i\u017eovatce a nen\u00ed v\u00e1m jasn\u00e9, kterou z cest se d\u00e1t? Jste nerozhodn\u00ed, netu\u0161\u00edte, co v tomto okam\u017eiku od sebe o\u010dek\u00e1v\u00e1te a jak by m\u011bla va\u0161e dal\u0161\u00ed cesta \u017eivotem vypadat? Mnoho ot\u00e1zek a pram\u00e1lo odpov\u011bd\u00ed \u2013 to je p\u0159esn\u011b ten stav, kdy\u017e je t\u0159eba uv\u011bdomit si \u201ekdo jsem, co vlastn\u011b [&hellip;]<\/p>\n","protected":false},"author":1,"featured_media":0,"parent":16,"menu_order":3,"comment_status":"closed","ping_status":"closed","template":"","meta":{"footnotes":""},"class_list":["post-77","page","type-page","status-publish","hentry"],"yoast_head":"<!-- This site is optimized with the Yoast SEO plugin v27.4 - https:\/\/yoast.com\/product\/yoast-seo-wordpress\/ -->\n<title>Osobn\u00ed rozvoj - Psychoterapie Brno | Roman Petr\u017eelka<\/title>\n<meta name=\"robots\" content=\"index, follow, max-snippet:-1, max-image-preview:large, max-video-preview:-1\" \/>\n<link rel=\"canonical\" href=\"https:\/\/psychoterapie-brno.eu\/index.php\/nabidka-sluzeb\/osobni-rozvoj\/\" \/>\n<meta property=\"og:locale\" content=\"cs_CZ\" \/>\n<meta property=\"og:type\" content=\"article\" \/>\n<meta property=\"og:title\" content=\"Osobn\u00ed rozvoj - Psychoterapie Brno | Roman Petr\u017eelka\" \/>\n<meta property=\"og:description\" content=\"Ocitli jste se najednou na \u017eivotn\u00ed k\u0159i\u017eovatce a nen\u00ed v\u00e1m jasn\u00e9, kterou z cest se d\u00e1t? Jste nerozhodn\u00ed, netu\u0161\u00edte, co v tomto okam\u017eiku od sebe o\u010dek\u00e1v\u00e1te a jak by m\u011bla va\u0161e dal\u0161\u00ed cesta \u017eivotem vypadat? Mnoho ot\u00e1zek a pram\u00e1lo odpov\u011bd\u00ed \u2013 to je p\u0159esn\u011b ten stav, kdy\u017e je t\u0159eba uv\u011bdomit si \u201ekdo jsem, co vlastn\u011b [&hellip;]\" \/>\n<meta property=\"og:url\" content=\"https:\/\/psychoterapie-brno.eu\/index.php\/nabidka-sluzeb\/osobni-rozvoj\/\" \/>\n<meta property=\"og:site_name\" content=\"Psychoterapie Brno | Roman Petr\u017eelka\" \/>\n<meta property=\"article:modified_time\" content=\"2019-04-05T23:22:14+00:00\" \/>\n<meta name=\"twitter:card\" content=\"summary_large_image\" \/>\n<meta name=\"twitter:label1\" content=\"Odhadovan\u00e1 doba \u010dten\u00ed\" \/>\n\t<meta name=\"twitter:data1\" content=\"1 minuta\" \/>\n<script type=\"application\/ld+json\" class=\"yoast-schema-graph\">{\"@context\":\"https:\\\/\\\/schema.org\",\"@graph\":[{\"@type\":\"WebPage\",\"@id\":\"https:\\\/\\\/psychoterapie-brno.eu\\\/index.php\\\/nabidka-sluzeb\\\/osobni-rozvoj\\\/\",\"url\":\"https:\\\/\\\/psychoterapie-brno.eu\\\/index.php\\\/nabidka-sluzeb\\\/osobni-rozvoj\\\/\",\"name\":\"Osobn\u00ed rozvoj - Psychoterapie Brno | Roman Petr\u017eelka\",\"isPartOf\":{\"@id\":\"https:\\\/\\\/psychoterapie-brno.eu\\\/#website\"},\"datePublished\":\"2019-04-05T23:17:02+00:00\",\"dateModified\":\"2019-04-05T23:22:14+00:00\",\"breadcrumb\":{\"@id\":\"https:\\\/\\\/psychoterapie-brno.eu\\\/index.php\\\/nabidka-sluzeb\\\/osobni-rozvoj\\\/#breadcrumb\"},\"inLanguage\":\"cs\",\"potentialAction\":[{\"@type\":\"ReadAction\",\"target\":[\"https:\\\/\\\/psychoterapie-brno.eu\\\/index.php\\\/nabidka-sluzeb\\\/osobni-rozvoj\\\/\"]}]},{\"@type\":\"BreadcrumbList\",\"@id\":\"https:\\\/\\\/psychoterapie-brno.eu\\\/index.php\\\/nabidka-sluzeb\\\/osobni-rozvoj\\\/#breadcrumb\",\"itemListElement\":[{\"@type\":\"ListItem\",\"position\":1,\"name\":\"Dom\u016f\",\"item\":\"https:\\\/\\\/psychoterapie-brno.eu\\\/\"},{\"@type\":\"ListItem\",\"position\":2,\"name\":\"Nab\u00eddka slu\u017eeb\",\"item\":\"https:\\\/\\\/psychoterapie-brno.eu\\\/index.php\\\/nabidka-sluzeb\\\/\"},{\"@type\":\"ListItem\",\"position\":3,\"name\":\"Osobn\u00ed rozvoj\"}]},{\"@type\":\"WebSite\",\"@id\":\"https:\\\/\\\/psychoterapie-brno.eu\\\/#website\",\"url\":\"https:\\\/\\\/psychoterapie-brno.eu\\\/\",\"name\":\"Psychoterapie Brno\",\"description\":\"Krizov\u00e1 intervence, individu\u00e1ln\u00ed psychoterapie, kou\u010dink p\u0159i zm\u011bn\u011b \u017eivotn\u00edho stylu, p\u00e1rov\u00e1 terapie. Poradna pro z\u00e1visl\u00e9 nejen na alkoholu a jejich rodinn\u00e9 p\u0159\u00edslu\u0161n\u00edky.\",\"potentialAction\":[{\"@type\":\"SearchAction\",\"target\":{\"@type\":\"EntryPoint\",\"urlTemplate\":\"https:\\\/\\\/psychoterapie-brno.eu\\\/?s={search_term_string}\"},\"query-input\":{\"@type\":\"PropertyValueSpecification\",\"valueRequired\":true,\"valueName\":\"search_term_string\"}}],\"inLanguage\":\"cs\"}]}<\/script>\n<!-- \/ Yoast SEO plugin. -->","yoast_head_json":{"title":"Osobn\u00ed rozvoj - Psychoterapie Brno | Roman Petr\u017eelka","robots":{"index":"index","follow":"follow","max-snippet":"max-snippet:-1","max-image-preview":"max-image-preview:large","max-video-preview":"max-video-preview:-1"},"canonical":"https:\/\/psychoterapie-brno.eu\/index.php\/nabidka-sluzeb\/osobni-rozvoj\/","og_locale":"cs_CZ","og_type":"article","og_title":"Osobn\u00ed rozvoj - Psychoterapie Brno | Roman Petr\u017eelka","og_description":"Ocitli jste se najednou na \u017eivotn\u00ed k\u0159i\u017eovatce a nen\u00ed v\u00e1m jasn\u00e9, kterou z cest se d\u00e1t? Jste nerozhodn\u00ed, netu\u0161\u00edte, co v tomto okam\u017eiku od sebe o\u010dek\u00e1v\u00e1te a jak by m\u011bla va\u0161e dal\u0161\u00ed cesta \u017eivotem vypadat? Mnoho ot\u00e1zek a pram\u00e1lo odpov\u011bd\u00ed \u2013 to je p\u0159esn\u011b ten stav, kdy\u017e je t\u0159eba uv\u011bdomit si \u201ekdo jsem, co vlastn\u011b [&hellip;]","og_url":"https:\/\/psychoterapie-brno.eu\/index.php\/nabidka-sluzeb\/osobni-rozvoj\/","og_site_name":"Psychoterapie Brno | Roman Petr\u017eelka","article_modified_time":"2019-04-05T23:22:14+00:00","twitter_card":"summary_large_image","twitter_misc":{"Odhadovan\u00e1 doba \u010dten\u00ed":"1 minuta"},"schema":{"@context":"https:\/\/schema.org","@graph":[{"@type":"WebPage","@id":"https:\/\/psychoterapie-brno.eu\/index.php\/nabidka-sluzeb\/osobni-rozvoj\/","url":"https:\/\/psychoterapie-brno.eu\/index.php\/nabidka-sluzeb\/osobni-rozvoj\/","name":"Osobn\u00ed rozvoj - Psychoterapie Brno | Roman Petr\u017eelka","isPartOf":{"@id":"https:\/\/psychoterapie-brno.eu\/#website"},"datePublished":"2019-04-05T23:17:02+00:00","dateModified":"2019-04-05T23:22:14+00:00","breadcrumb":{"@id":"https:\/\/psychoterapie-brno.eu\/index.php\/nabidka-sluzeb\/osobni-rozvoj\/#breadcrumb"},"inLanguage":"cs","potentialAction":[{"@type":"ReadAction","target":["https:\/\/psychoterapie-brno.eu\/index.php\/nabidka-sluzeb\/osobni-rozvoj\/"]}]},{"@type":"BreadcrumbList","@id":"https:\/\/psychoterapie-brno.eu\/index.php\/nabidka-sluzeb\/osobni-rozvoj\/#breadcrumb","itemListElement":[{"@type":"ListItem","position":1,"name":"Dom\u016f","item":"https:\/\/psychoterapie-brno.eu\/"},{"@type":"ListItem","position":2,"name":"Nab\u00eddka slu\u017eeb","item":"https:\/\/psychoterapie-brno.eu\/index.php\/nabidka-sluzeb\/"},{"@type":"ListItem","position":3,"name":"Osobn\u00ed rozvoj"}]},{"@type":"WebSite","@id":"https:\/\/psychoterapie-brno.eu\/#website","url":"https:\/\/psychoterapie-brno.eu\/","name":"Psychoterapie Brno","description":"Krizov\u00e1 intervence, individu\u00e1ln\u00ed psychoterapie, kou\u010dink p\u0159i zm\u011bn\u011b \u017eivotn\u00edho stylu, p\u00e1rov\u00e1 terapie. Poradna pro z\u00e1visl\u00e9 nejen na alkoholu a jejich rodinn\u00e9 p\u0159\u00edslu\u0161n\u00edky.","potentialAction":[{"@type":"SearchAction","target":{"@type":"EntryPoint","urlTemplate":"https:\/\/psychoterapie-brno.eu\/?s={search_term_string}"},"query-input":{"@type":"PropertyValueSpecification","valueRequired":true,"valueName":"search_term_string"}}],"inLanguage":"cs"}]}},"_links":{"self":[{"href":"https:\/\/psychoterapie-brno.eu\/index.php\/wp-json\/wp\/v2\/pages\/77","targetHints":{"allow":["GET"]}}],"collection":[{"href":"https:\/\/psychoterapie-brno.eu\/index.php\/wp-json\/wp\/v2\/pages"}],"about":[{"href":"https:\/\/psychoterapie-brno.eu\/index.php\/wp-json\/wp\/v2\/types\/page"}],"author":[{"embeddable":true,"href":"https:\/\/psychoterapie-brno.eu\/index.php\/wp-json\/wp\/v2\/users\/1"}],"replies":[{"embeddable":true,"href":"https:\/\/psychoterapie-brno.eu\/index.php\/wp-json\/wp\/v2\/comments?post=77"}],"version-history":[{"count":2,"href":"https:\/\/psychoterapie-brno.eu\/index.php\/wp-json\/wp\/v2\/pages\/77\/revisions"}],"predecessor-version":[{"id":88,"href":"https:\/\/psychoterapie-brno.eu\/index.php\/wp-json\/wp\/v2\/pages\/77\/revisions\/88"}],"up":[{"embeddable":true,"href":"https:\/\/psychoterapie-brno.eu\/index.php\/wp-json\/wp\/v2\/pages\/16"}],"wp:attachment":[{"href":"https:\/\/psychoterapie-brno.eu\/index.php\/wp-json\/wp\/v2\/media?parent=77"}],"curies":[{"name":"wp","href":"https:\/\/api.w.org\/{rel}","templated":true}]}}