{"id":73,"date":"2019-04-06T01:11:12","date_gmt":"2019-04-05T23:11:12","guid":{"rendered":"https:\/\/psychoterapie-brno.eu\/?page_id=73"},"modified":"2019-04-06T01:21:51","modified_gmt":"2019-04-05T23:21:51","slug":"partnerske-krize","status":"publish","type":"page","link":"https:\/\/psychoterapie-brno.eu\/index.php\/nabidka-sluzeb\/partnerske-krize\/","title":{"rendered":"Partnersk\u00e9 krize"},"content":{"rendered":"\n<p>Nen\u00ed nic neobvykl\u00e9ho, kdy\u017e mezi partnery dojde k rozpor\u016fm. A v drtiv\u00e9 v\u011bt\u0161in\u011b p\u0159\u00edpad\u016f jsou partnersk\u00e9 dvojice schopny tyto p\u0159ek\u00e1\u017eky a neshody \u0159e\u0161it samy. M\u016f\u017ee se v\u0161ak st\u00e1t, \u017ee oby\u010dejn\u00e1 h\u00e1dka se stane prvn\u00edm sign\u00e1lem ohla\u0161uj\u00edc\u00edm krizi vztahu na takov\u00e9 \u00farovni, \u017ee by mohla st\u00e1t za rozpadem man\u017eelstv\u00ed nebo dlouhodob\u00e9ho partnerstv\u00ed. V tomto okam\u017eiku by bylo dobr\u00e9 nezahodit spole\u010dnou cestu u\u017e p\u0159i prvn\u00edm komplikovan\u011bj\u0161\u00edm probl\u00e9mu, ale d\u00e1t vztahu je\u0161t\u011b \u0161anci. Prvn\u00edm vst\u0159\u00edcn\u00fdm krokem k posunut\u00ed takov\u00e9 krize n\u011bkam d\u00e1l je dohoda o spole\u010dn\u00e9 n\u00e1v\u0161t\u011bv\u011b odborn\u00edka. Nemohu v\u00e1m zaru\u010dit univerz\u00e1ln\u00ed \u0159e\u0161en\u00ed, ale mohu nab\u00eddnout mo\u017enosti, jak vztah uchopit z jin\u00e9ho \u00fahlu pohledu.<\/p>\n\n\n\n<ul class=\"wp-block-list\"><li>Nab\u00edz\u00edm v\u00e1m poradu a pomoc p\u0159i \u0159e\u0161en\u00ed partnersk\u00e9 krize.<\/li><\/ul>\n<p>Views: 1205<\/p>","protected":false},"excerpt":{"rendered":"<p>Nen\u00ed nic neobvykl\u00e9ho, kdy\u017e mezi partnery dojde k rozpor\u016fm. A v drtiv\u00e9 v\u011bt\u0161in\u011b p\u0159\u00edpad\u016f jsou partnersk\u00e9 dvojice schopny tyto p\u0159ek\u00e1\u017eky a neshody \u0159e\u0161it samy. M\u016f\u017ee se v\u0161ak st\u00e1t, \u017ee oby\u010dejn\u00e1 h\u00e1dka se stane prvn\u00edm sign\u00e1lem ohla\u0161uj\u00edc\u00edm krizi vztahu na takov\u00e9 \u00farovni, \u017ee by mohla st\u00e1t za rozpadem man\u017eelstv\u00ed nebo dlouhodob\u00e9ho partnerstv\u00ed. V tomto okam\u017eiku by [&hellip;]<\/p>\n","protected":false},"author":1,"featured_media":0,"parent":16,"menu_order":1,"comment_status":"closed","ping_status":"closed","template":"","meta":{"footnotes":""},"class_list":["post-73","page","type-page","status-publish","hentry"],"yoast_head":"<!-- This site is optimized with the Yoast SEO plugin v27.4 - https:\/\/yoast.com\/product\/yoast-seo-wordpress\/ -->\n<title>Partnersk\u00e9 krize - Psychoterapie Brno | Roman Petr\u017eelka<\/title>\n<meta name=\"robots\" content=\"index, follow, max-snippet:-1, max-image-preview:large, max-video-preview:-1\" \/>\n<link rel=\"canonical\" href=\"https:\/\/psychoterapie-brno.eu\/index.php\/nabidka-sluzeb\/partnerske-krize\/\" \/>\n<meta property=\"og:locale\" content=\"cs_CZ\" \/>\n<meta property=\"og:type\" content=\"article\" \/>\n<meta property=\"og:title\" content=\"Partnersk\u00e9 krize - Psychoterapie Brno | Roman Petr\u017eelka\" \/>\n<meta property=\"og:description\" content=\"Nen\u00ed nic neobvykl\u00e9ho, kdy\u017e mezi partnery dojde k rozpor\u016fm. A v drtiv\u00e9 v\u011bt\u0161in\u011b p\u0159\u00edpad\u016f jsou partnersk\u00e9 dvojice schopny tyto p\u0159ek\u00e1\u017eky a neshody \u0159e\u0161it samy. M\u016f\u017ee se v\u0161ak st\u00e1t, \u017ee oby\u010dejn\u00e1 h\u00e1dka se stane prvn\u00edm sign\u00e1lem ohla\u0161uj\u00edc\u00edm krizi vztahu na takov\u00e9 \u00farovni, \u017ee by mohla st\u00e1t za rozpadem man\u017eelstv\u00ed nebo dlouhodob\u00e9ho partnerstv\u00ed. V tomto okam\u017eiku by [&hellip;]\" \/>\n<meta property=\"og:url\" content=\"https:\/\/psychoterapie-brno.eu\/index.php\/nabidka-sluzeb\/partnerske-krize\/\" \/>\n<meta property=\"og:site_name\" content=\"Psychoterapie Brno | Roman Petr\u017eelka\" \/>\n<meta property=\"article:modified_time\" content=\"2019-04-05T23:21:51+00:00\" \/>\n<meta name=\"twitter:card\" content=\"summary_large_image\" \/>\n<meta name=\"twitter:label1\" content=\"Odhadovan\u00e1 doba \u010dten\u00ed\" \/>\n\t<meta name=\"twitter:data1\" content=\"1 minuta\" \/>\n<script type=\"application\/ld+json\" class=\"yoast-schema-graph\">{\"@context\":\"https:\\\/\\\/schema.org\",\"@graph\":[{\"@type\":\"WebPage\",\"@id\":\"https:\\\/\\\/psychoterapie-brno.eu\\\/index.php\\\/nabidka-sluzeb\\\/partnerske-krize\\\/\",\"url\":\"https:\\\/\\\/psychoterapie-brno.eu\\\/index.php\\\/nabidka-sluzeb\\\/partnerske-krize\\\/\",\"name\":\"Partnersk\u00e9 krize - Psychoterapie Brno | Roman Petr\u017eelka\",\"isPartOf\":{\"@id\":\"https:\\\/\\\/psychoterapie-brno.eu\\\/#website\"},\"datePublished\":\"2019-04-05T23:11:12+00:00\",\"dateModified\":\"2019-04-05T23:21:51+00:00\",\"breadcrumb\":{\"@id\":\"https:\\\/\\\/psychoterapie-brno.eu\\\/index.php\\\/nabidka-sluzeb\\\/partnerske-krize\\\/#breadcrumb\"},\"inLanguage\":\"cs\",\"potentialAction\":[{\"@type\":\"ReadAction\",\"target\":[\"https:\\\/\\\/psychoterapie-brno.eu\\\/index.php\\\/nabidka-sluzeb\\\/partnerske-krize\\\/\"]}]},{\"@type\":\"BreadcrumbList\",\"@id\":\"https:\\\/\\\/psychoterapie-brno.eu\\\/index.php\\\/nabidka-sluzeb\\\/partnerske-krize\\\/#breadcrumb\",\"itemListElement\":[{\"@type\":\"ListItem\",\"position\":1,\"name\":\"Dom\u016f\",\"item\":\"https:\\\/\\\/psychoterapie-brno.eu\\\/\"},{\"@type\":\"ListItem\",\"position\":2,\"name\":\"Nab\u00eddka slu\u017eeb\",\"item\":\"https:\\\/\\\/psychoterapie-brno.eu\\\/index.php\\\/nabidka-sluzeb\\\/\"},{\"@type\":\"ListItem\",\"position\":3,\"name\":\"Partnersk\u00e9 krize\"}]},{\"@type\":\"WebSite\",\"@id\":\"https:\\\/\\\/psychoterapie-brno.eu\\\/#website\",\"url\":\"https:\\\/\\\/psychoterapie-brno.eu\\\/\",\"name\":\"Psychoterapie Brno\",\"description\":\"Krizov\u00e1 intervence, individu\u00e1ln\u00ed psychoterapie, kou\u010dink p\u0159i zm\u011bn\u011b \u017eivotn\u00edho stylu, p\u00e1rov\u00e1 terapie. Poradna pro z\u00e1visl\u00e9 nejen na alkoholu a jejich rodinn\u00e9 p\u0159\u00edslu\u0161n\u00edky.\",\"potentialAction\":[{\"@type\":\"SearchAction\",\"target\":{\"@type\":\"EntryPoint\",\"urlTemplate\":\"https:\\\/\\\/psychoterapie-brno.eu\\\/?s={search_term_string}\"},\"query-input\":{\"@type\":\"PropertyValueSpecification\",\"valueRequired\":true,\"valueName\":\"search_term_string\"}}],\"inLanguage\":\"cs\"}]}<\/script>\n<!-- \/ Yoast SEO plugin. -->","yoast_head_json":{"title":"Partnersk\u00e9 krize - Psychoterapie Brno | Roman Petr\u017eelka","robots":{"index":"index","follow":"follow","max-snippet":"max-snippet:-1","max-image-preview":"max-image-preview:large","max-video-preview":"max-video-preview:-1"},"canonical":"https:\/\/psychoterapie-brno.eu\/index.php\/nabidka-sluzeb\/partnerske-krize\/","og_locale":"cs_CZ","og_type":"article","og_title":"Partnersk\u00e9 krize - Psychoterapie Brno | Roman Petr\u017eelka","og_description":"Nen\u00ed nic neobvykl\u00e9ho, kdy\u017e mezi partnery dojde k rozpor\u016fm. A v drtiv\u00e9 v\u011bt\u0161in\u011b p\u0159\u00edpad\u016f jsou partnersk\u00e9 dvojice schopny tyto p\u0159ek\u00e1\u017eky a neshody \u0159e\u0161it samy. M\u016f\u017ee se v\u0161ak st\u00e1t, \u017ee oby\u010dejn\u00e1 h\u00e1dka se stane prvn\u00edm sign\u00e1lem ohla\u0161uj\u00edc\u00edm krizi vztahu na takov\u00e9 \u00farovni, \u017ee by mohla st\u00e1t za rozpadem man\u017eelstv\u00ed nebo dlouhodob\u00e9ho partnerstv\u00ed. V tomto okam\u017eiku by [&hellip;]","og_url":"https:\/\/psychoterapie-brno.eu\/index.php\/nabidka-sluzeb\/partnerske-krize\/","og_site_name":"Psychoterapie Brno | Roman Petr\u017eelka","article_modified_time":"2019-04-05T23:21:51+00:00","twitter_card":"summary_large_image","twitter_misc":{"Odhadovan\u00e1 doba \u010dten\u00ed":"1 minuta"},"schema":{"@context":"https:\/\/schema.org","@graph":[{"@type":"WebPage","@id":"https:\/\/psychoterapie-brno.eu\/index.php\/nabidka-sluzeb\/partnerske-krize\/","url":"https:\/\/psychoterapie-brno.eu\/index.php\/nabidka-sluzeb\/partnerske-krize\/","name":"Partnersk\u00e9 krize - Psychoterapie Brno | Roman Petr\u017eelka","isPartOf":{"@id":"https:\/\/psychoterapie-brno.eu\/#website"},"datePublished":"2019-04-05T23:11:12+00:00","dateModified":"2019-04-05T23:21:51+00:00","breadcrumb":{"@id":"https:\/\/psychoterapie-brno.eu\/index.php\/nabidka-sluzeb\/partnerske-krize\/#breadcrumb"},"inLanguage":"cs","potentialAction":[{"@type":"ReadAction","target":["https:\/\/psychoterapie-brno.eu\/index.php\/nabidka-sluzeb\/partnerske-krize\/"]}]},{"@type":"BreadcrumbList","@id":"https:\/\/psychoterapie-brno.eu\/index.php\/nabidka-sluzeb\/partnerske-krize\/#breadcrumb","itemListElement":[{"@type":"ListItem","position":1,"name":"Dom\u016f","item":"https:\/\/psychoterapie-brno.eu\/"},{"@type":"ListItem","position":2,"name":"Nab\u00eddka slu\u017eeb","item":"https:\/\/psychoterapie-brno.eu\/index.php\/nabidka-sluzeb\/"},{"@type":"ListItem","position":3,"name":"Partnersk\u00e9 krize"}]},{"@type":"WebSite","@id":"https:\/\/psychoterapie-brno.eu\/#website","url":"https:\/\/psychoterapie-brno.eu\/","name":"Psychoterapie Brno","description":"Krizov\u00e1 intervence, individu\u00e1ln\u00ed psychoterapie, kou\u010dink p\u0159i zm\u011bn\u011b \u017eivotn\u00edho stylu, p\u00e1rov\u00e1 terapie. Poradna pro z\u00e1visl\u00e9 nejen na alkoholu a jejich rodinn\u00e9 p\u0159\u00edslu\u0161n\u00edky.","potentialAction":[{"@type":"SearchAction","target":{"@type":"EntryPoint","urlTemplate":"https:\/\/psychoterapie-brno.eu\/?s={search_term_string}"},"query-input":{"@type":"PropertyValueSpecification","valueRequired":true,"valueName":"search_term_string"}}],"inLanguage":"cs"}]}},"_links":{"self":[{"href":"https:\/\/psychoterapie-brno.eu\/index.php\/wp-json\/wp\/v2\/pages\/73","targetHints":{"allow":["GET"]}}],"collection":[{"href":"https:\/\/psychoterapie-brno.eu\/index.php\/wp-json\/wp\/v2\/pages"}],"about":[{"href":"https:\/\/psychoterapie-brno.eu\/index.php\/wp-json\/wp\/v2\/types\/page"}],"author":[{"embeddable":true,"href":"https:\/\/psychoterapie-brno.eu\/index.php\/wp-json\/wp\/v2\/users\/1"}],"replies":[{"embeddable":true,"href":"https:\/\/psychoterapie-brno.eu\/index.php\/wp-json\/wp\/v2\/comments?post=73"}],"version-history":[{"count":2,"href":"https:\/\/psychoterapie-brno.eu\/index.php\/wp-json\/wp\/v2\/pages\/73\/revisions"}],"predecessor-version":[{"id":87,"href":"https:\/\/psychoterapie-brno.eu\/index.php\/wp-json\/wp\/v2\/pages\/73\/revisions\/87"}],"up":[{"embeddable":true,"href":"https:\/\/psychoterapie-brno.eu\/index.php\/wp-json\/wp\/v2\/pages\/16"}],"wp:attachment":[{"href":"https:\/\/psychoterapie-brno.eu\/index.php\/wp-json\/wp\/v2\/media?parent=73"}],"curies":[{"name":"wp","href":"https:\/\/api.w.org\/{rel}","templated":true}]}}