{"id":24,"date":"2018-01-22T22:51:39","date_gmt":"2018-01-22T21:51:39","guid":{"rendered":"https:\/\/psychoterapie-brno.eu\/?page_id=24"},"modified":"2019-04-06T01:32:31","modified_gmt":"2019-04-05T23:32:31","slug":"alkohol-a-jine-zavislosti","status":"publish","type":"page","link":"https:\/\/psychoterapie-brno.eu\/index.php\/alkohol-a-jine-zavislosti\/","title":{"rendered":"Alkohol a jin\u00e9 z\u00e1vislosti"},"content":{"rendered":"\n<p>Z\u00e1vislost na alkoholu pat\u0159\u00ed v na\u0161\u00ed spole\u010dnosti k nejobvyklej\u0161\u00edm. Postihuje celou osobnost z\u00e1visl\u00e9ho, zasahuje v\u0161ak i jeho rodinu a v d\u016fsledc\u00edch tak\u00e9 celou spole\u010dnost.<\/p>\n\n\n\n<p>V na\u0161\u00ed zemi je z\u00e1vislost na alkoholu nezaslou\u017een\u011b na okraji pozornosti. Pro alkoholiky je m\u00e1lo poradensk\u00fdch center, nen\u00ed mnoho specializovan\u00fdch l\u00e9\u010deben pro osoby posti\u017een\u00e9 touto z\u00e1vislost\u00ed. Spole\u010dnost jako by si neuv\u011bdomovala rovn\u00edtko mezi alkoholov\u00fdmi a jin\u00fdmi drogov\u00fdmi z\u00e1vislostmi, bohu\u017eel v\u0161ak tak\u00e9 podce\u0148uje \u0161kody, kter\u00e9 je tato droga schopna nap\u00e1chat jak na rovin\u011b psychick\u00e9, tak spole\u010densk\u00e9, ale p\u0159edev\u0161\u00edm zdravotn\u00ed. Z\u00e1vislost na alkoholu je p\u0159itom jak \u00fapornost\u00ed, tak n\u00e1sledky srovnateln\u00e1 se z\u00e1vislost\u00ed na heroinu nebo opi\u00e1ty obecn\u011b.<\/p>\n\n\n\n<ul class=\"wp-block-list\"><li>Poskytuji pomoc a odbornou konzultaci v\u0161em, kte\u0159\u00ed si nejsou jisti, zda jejich pit\u00ed nep\u0159es\u00e1hlo jistou \u00fanosnou hranici, t\u011bm, kter\u00fdm konzumace alkoholu p\u016fsob\u00ed rodinn\u00e9, pracovn\u00ed, zdravotn\u00ed nebo spole\u010densk\u00e9 probl\u00e9my i v\u0161em ostatn\u00edm, kte\u0159\u00ed by se r\u00e1di dozv\u011bd\u011bli, zda jsou z\u00e1vislost\u00ed ohro\u017een\u00ed.<\/li><li>Pomohu nal\u00e9zt podporu pro bl\u00edzkou osobu, kter\u00e1 alkohol nadm\u011brn\u011b konzumuje. Doporu\u010d\u00edm postup v situac\u00edch, kter\u00e9 byly konzumac\u00ed alkoholu p\u0159\u00edmo nebo nep\u0159\u00edmo zavin\u011bny, nap\u0159. ztr\u00e1ta zam\u011bstn\u00e1n\u00ed, partnersk\u00e9 konflikty, dluhy. <\/li><\/ul>\n\n\n\n<p><strong>Z\u00e1kladn\u00ed informace o alkoholov\u00e9 z\u00e1vislosti.<\/strong><\/p>\n\n\n\n<p>Je alkohol probl\u00e9m jen alkoholik\u016f?<\/p>\n\n\n\n<p>nen\u00ed tomu tak \u2013 probl\u00e9my s alkoholem mohou m\u00edt i ti, kte\u0159\u00ed alkohol pouze nadu\u017e\u00edvaj\u00ed. Toto nadu\u017e\u00edv\u00e1n\u00ed m\u016f\u017ee b\u00fdt stejn\u011b destruktivn\u00ed, jako samotn\u00e1 z\u00e1vislost.<\/p>\n\n\n\n<p>Prvn\u00ed symptomy p\u0159em\u00edry u\u017eit\u00ed alkoholu jsou:<\/p>\n\n\n\n<ul class=\"wp-block-list\"><li>Neschopnost plnit sv\u00e9 pracovn\u00ed povinnosti.<\/li><li>Neschopnost napl\u0148ovat rodinn\u00e9 pot\u0159eby a vztahy.<\/li><li>\u0158\u00edzen\u00ed pod vlivem alkoholu.<\/li><li>P\u0159\u00edli\u0161 mnoho zran\u011bn\u00ed v souvislosti s alkoholem (p\u00e1dy, p\u0159ecen\u011bn\u00ed vlastn\u00edch schopnost\u00ed)<\/li><\/ul>\n\n\n\n<p><strong>Je alkoholismus nemoc nebo jen vada charakteru?<\/strong><\/p>\n\n\n\n<p>Touha po alkoholu m\u016f\u017ee b\u00fdt stejn\u011b siln\u00e1, jako touha po j\u00eddle nebo pot\u0159eba tekutin v t\u011ble. Alkoholik nen\u00ed schopen svoji touhu po alkoholu ovl\u00e1dnout i navzdory siln\u00fdm zdravotn\u00edm probl\u00e9m\u016fm se z\u00e1vislostn\u00edm pit\u00edm spojen\u00fdch. Pije dokonce i p\u0159es hrozbu pr\u00e1vn\u00edch dopad\u016f sv\u00e9ho jedn\u00e1n\u00ed.<\/p>\n\n\n\n<p>Za vznikem alkoholismu stoj\u00ed p\u0159edev\u0161\u00edm porucha metabolismu. Alkohol je v t\u011ble rozkl\u00e1d\u00e1n enzymem acetaldehyddehydrogen\u00e1zou na acetaldehyd a cukry. Alkoholici maj\u00ed omezenou tvorbu tohoto enzymu. Nav\u00edc m\u00e1 tato porucha progresi, co\u017e znamen\u00e1, \u017ee se pomalu tvorba tohoto enzymu je\u0161t\u011b v\u00edce zhor\u0161uje a to i p\u0159es dlouhodobou abstinenci. To je tak\u00e9 d\u016fvodem k velmi rychl\u00e9mu n\u00e1vratu do akutn\u00edho stavu i po dlouhodob\u00e9 abstinenci.<\/p>\n\n\n\n<p>K rozvinut\u00ed t\u00e9to nemoci m\u016f\u017ee napomoci d\u011bdi\u010dnost, \u017eivotn\u00ed styl, stresov\u00fd faktor a dal\u0161\u00ed kulturn\u011b spole\u010densk\u00fd kontext.<\/p>\n\n\n\n<p>Rozd\u00edln\u00fd \u00fa\u010dinek alkoholu na \u017eeny a mu\u017ee je zap\u0159\u00ed\u010din\u011bn p\u0159edev\u0161\u00edm celkovou hmotnost\u00ed, ale tak\u00e9 procentu\u00e1ln\u011b rozd\u00edln\u00fdm ulo\u017een\u00edm podko\u017en\u00edho tuku. V tuc\u00edch se alkohol nerozkl\u00e1d\u00e1 tak, jako v ostatn\u00edch tk\u00e1n\u00edch, proto je \u017eensk\u00e9 t\u011blo v\u016f\u010di alkoholu m\u00e9n\u011b odoln\u00e9.<\/p>\n\n\n\n<p><strong>Jak pozn\u00e1m, jestli je na m\u00edst\u011b zamyslet se na vlastn\u00edm pit\u00edm?<\/strong><\/p>\n\n\n\n<p>Pro za\u010d\u00e1tek posta\u010d\u00ed, kdy\u017e si po pravd\u011b odpov\u00edte na n\u00e1sleduj\u00edc\u00ed ot\u00e1zky:<\/p>\n\n\n\n<ul class=\"wp-block-list\"><li>Kdy\u017e se opijete, m\u00edv\u00e1te v\u00fdpadky pam\u011bti.<\/li><li>Pijete tajn\u011b.<\/li><li>\u010casto na alkohol mysl\u00edte.<\/li><li>Sv\u00e9 pit\u00ed zd\u016fvod\u0148ujete racion\u00e1ln\u00edmi v\u00fdmluvami.<\/li><li>Kdy\u017e se opijete, m\u00e1te agresivn\u00ed sklony.<\/li><li>Po vyst\u0159\u00edzliv\u011bn\u00ed m\u00e1te pocity viny.<\/li><li>Pijete i r\u00e1no (p\u0159\u00edpadn\u011b p\u0159es den).<\/li><li>Va\u0161i kamar\u00e1di v\u00e1m \u0159\u00edkaj\u00ed, \u017ee pijete p\u0159\u00edli\u0161.<\/li><li>M\u00e1te probl\u00e9my s mezilidsk\u00fdmi vztahy.<\/li><li>Trv\u00e1 v\u00e1m d\u00e9le a d\u00e9le, ne\u017e se v\u00e1m poda\u0159\u00ed op\u00edt.<\/li><\/ul>\n\n\n\n<p>U\u017e v\u00edce, ne\u017e \u010dty\u0159i kladn\u00e9 odpov\u011bdi znamenaj\u00ed riziko.<\/p>\n<p>Views: 2864<\/p>","protected":false},"excerpt":{"rendered":"<p>Z\u00e1vislost na alkoholu pat\u0159\u00ed v na\u0161\u00ed spole\u010dnosti k nejobvyklej\u0161\u00edm. Postihuje celou osobnost z\u00e1visl\u00e9ho, zasahuje v\u0161ak i jeho rodinu a v d\u016fsledc\u00edch tak\u00e9 celou spole\u010dnost. V na\u0161\u00ed zemi je z\u00e1vislost na alkoholu nezaslou\u017een\u011b na okraji pozornosti. Pro alkoholiky je m\u00e1lo poradensk\u00fdch center, nen\u00ed mnoho specializovan\u00fdch l\u00e9\u010deben pro osoby posti\u017een\u00e9 touto z\u00e1vislost\u00ed. Spole\u010dnost jako by si neuv\u011bdomovala [&hellip;]<\/p>\n","protected":false},"author":1,"featured_media":0,"parent":0,"menu_order":12,"comment_status":"closed","ping_status":"closed","template":"","meta":{"footnotes":""},"class_list":["post-24","page","type-page","status-publish","hentry"],"yoast_head":"<!-- This site is optimized with the Yoast SEO plugin v27.4 - https:\/\/yoast.com\/product\/yoast-seo-wordpress\/ -->\n<title>Alkohol a jin\u00e9 z\u00e1vislosti - Psychoterapie Brno | Roman Petr\u017eelka<\/title>\n<meta name=\"robots\" content=\"index, follow, max-snippet:-1, max-image-preview:large, max-video-preview:-1\" \/>\n<link rel=\"canonical\" href=\"https:\/\/psychoterapie-brno.eu\/index.php\/alkohol-a-jine-zavislosti\/\" \/>\n<meta property=\"og:locale\" content=\"cs_CZ\" \/>\n<meta property=\"og:type\" content=\"article\" \/>\n<meta property=\"og:title\" content=\"Alkohol a jin\u00e9 z\u00e1vislosti - Psychoterapie Brno | Roman Petr\u017eelka\" \/>\n<meta property=\"og:description\" content=\"Z\u00e1vislost na alkoholu pat\u0159\u00ed v na\u0161\u00ed spole\u010dnosti k nejobvyklej\u0161\u00edm. Postihuje celou osobnost z\u00e1visl\u00e9ho, zasahuje v\u0161ak i jeho rodinu a v d\u016fsledc\u00edch tak\u00e9 celou spole\u010dnost. V na\u0161\u00ed zemi je z\u00e1vislost na alkoholu nezaslou\u017een\u011b na okraji pozornosti. Pro alkoholiky je m\u00e1lo poradensk\u00fdch center, nen\u00ed mnoho specializovan\u00fdch l\u00e9\u010deben pro osoby posti\u017een\u00e9 touto z\u00e1vislost\u00ed. Spole\u010dnost jako by si neuv\u011bdomovala [&hellip;]\" \/>\n<meta property=\"og:url\" content=\"https:\/\/psychoterapie-brno.eu\/index.php\/alkohol-a-jine-zavislosti\/\" \/>\n<meta property=\"og:site_name\" content=\"Psychoterapie Brno | Roman Petr\u017eelka\" \/>\n<meta property=\"article:modified_time\" content=\"2019-04-05T23:32:31+00:00\" \/>\n<meta name=\"twitter:card\" content=\"summary_large_image\" \/>\n<meta name=\"twitter:label1\" content=\"Odhadovan\u00e1 doba \u010dten\u00ed\" \/>\n\t<meta name=\"twitter:data1\" content=\"3 minuty\" \/>\n<script type=\"application\/ld+json\" class=\"yoast-schema-graph\">{\"@context\":\"https:\\\/\\\/schema.org\",\"@graph\":[{\"@type\":\"WebPage\",\"@id\":\"https:\\\/\\\/psychoterapie-brno.eu\\\/index.php\\\/alkohol-a-jine-zavislosti\\\/\",\"url\":\"https:\\\/\\\/psychoterapie-brno.eu\\\/index.php\\\/alkohol-a-jine-zavislosti\\\/\",\"name\":\"Alkohol a jin\u00e9 z\u00e1vislosti - Psychoterapie Brno | Roman Petr\u017eelka\",\"isPartOf\":{\"@id\":\"https:\\\/\\\/psychoterapie-brno.eu\\\/#website\"},\"datePublished\":\"2018-01-22T21:51:39+00:00\",\"dateModified\":\"2019-04-05T23:32:31+00:00\",\"breadcrumb\":{\"@id\":\"https:\\\/\\\/psychoterapie-brno.eu\\\/index.php\\\/alkohol-a-jine-zavislosti\\\/#breadcrumb\"},\"inLanguage\":\"cs\",\"potentialAction\":[{\"@type\":\"ReadAction\",\"target\":[\"https:\\\/\\\/psychoterapie-brno.eu\\\/index.php\\\/alkohol-a-jine-zavislosti\\\/\"]}]},{\"@type\":\"BreadcrumbList\",\"@id\":\"https:\\\/\\\/psychoterapie-brno.eu\\\/index.php\\\/alkohol-a-jine-zavislosti\\\/#breadcrumb\",\"itemListElement\":[{\"@type\":\"ListItem\",\"position\":1,\"name\":\"Dom\u016f\",\"item\":\"https:\\\/\\\/psychoterapie-brno.eu\\\/\"},{\"@type\":\"ListItem\",\"position\":2,\"name\":\"Alkohol a jin\u00e9 z\u00e1vislosti\"}]},{\"@type\":\"WebSite\",\"@id\":\"https:\\\/\\\/psychoterapie-brno.eu\\\/#website\",\"url\":\"https:\\\/\\\/psychoterapie-brno.eu\\\/\",\"name\":\"Psychoterapie Brno\",\"description\":\"Krizov\u00e1 intervence, individu\u00e1ln\u00ed psychoterapie, kou\u010dink p\u0159i zm\u011bn\u011b \u017eivotn\u00edho stylu, p\u00e1rov\u00e1 terapie. Poradna pro z\u00e1visl\u00e9 nejen na alkoholu a jejich rodinn\u00e9 p\u0159\u00edslu\u0161n\u00edky.\",\"potentialAction\":[{\"@type\":\"SearchAction\",\"target\":{\"@type\":\"EntryPoint\",\"urlTemplate\":\"https:\\\/\\\/psychoterapie-brno.eu\\\/?s={search_term_string}\"},\"query-input\":{\"@type\":\"PropertyValueSpecification\",\"valueRequired\":true,\"valueName\":\"search_term_string\"}}],\"inLanguage\":\"cs\"}]}<\/script>\n<!-- \/ Yoast SEO plugin. -->","yoast_head_json":{"title":"Alkohol a jin\u00e9 z\u00e1vislosti - Psychoterapie Brno | Roman Petr\u017eelka","robots":{"index":"index","follow":"follow","max-snippet":"max-snippet:-1","max-image-preview":"max-image-preview:large","max-video-preview":"max-video-preview:-1"},"canonical":"https:\/\/psychoterapie-brno.eu\/index.php\/alkohol-a-jine-zavislosti\/","og_locale":"cs_CZ","og_type":"article","og_title":"Alkohol a jin\u00e9 z\u00e1vislosti - Psychoterapie Brno | Roman Petr\u017eelka","og_description":"Z\u00e1vislost na alkoholu pat\u0159\u00ed v na\u0161\u00ed spole\u010dnosti k nejobvyklej\u0161\u00edm. Postihuje celou osobnost z\u00e1visl\u00e9ho, zasahuje v\u0161ak i jeho rodinu a v d\u016fsledc\u00edch tak\u00e9 celou spole\u010dnost. V na\u0161\u00ed zemi je z\u00e1vislost na alkoholu nezaslou\u017een\u011b na okraji pozornosti. Pro alkoholiky je m\u00e1lo poradensk\u00fdch center, nen\u00ed mnoho specializovan\u00fdch l\u00e9\u010deben pro osoby posti\u017een\u00e9 touto z\u00e1vislost\u00ed. Spole\u010dnost jako by si neuv\u011bdomovala [&hellip;]","og_url":"https:\/\/psychoterapie-brno.eu\/index.php\/alkohol-a-jine-zavislosti\/","og_site_name":"Psychoterapie Brno | Roman Petr\u017eelka","article_modified_time":"2019-04-05T23:32:31+00:00","twitter_card":"summary_large_image","twitter_misc":{"Odhadovan\u00e1 doba \u010dten\u00ed":"3 minuty"},"schema":{"@context":"https:\/\/schema.org","@graph":[{"@type":"WebPage","@id":"https:\/\/psychoterapie-brno.eu\/index.php\/alkohol-a-jine-zavislosti\/","url":"https:\/\/psychoterapie-brno.eu\/index.php\/alkohol-a-jine-zavislosti\/","name":"Alkohol a jin\u00e9 z\u00e1vislosti - Psychoterapie Brno | Roman Petr\u017eelka","isPartOf":{"@id":"https:\/\/psychoterapie-brno.eu\/#website"},"datePublished":"2018-01-22T21:51:39+00:00","dateModified":"2019-04-05T23:32:31+00:00","breadcrumb":{"@id":"https:\/\/psychoterapie-brno.eu\/index.php\/alkohol-a-jine-zavislosti\/#breadcrumb"},"inLanguage":"cs","potentialAction":[{"@type":"ReadAction","target":["https:\/\/psychoterapie-brno.eu\/index.php\/alkohol-a-jine-zavislosti\/"]}]},{"@type":"BreadcrumbList","@id":"https:\/\/psychoterapie-brno.eu\/index.php\/alkohol-a-jine-zavislosti\/#breadcrumb","itemListElement":[{"@type":"ListItem","position":1,"name":"Dom\u016f","item":"https:\/\/psychoterapie-brno.eu\/"},{"@type":"ListItem","position":2,"name":"Alkohol a jin\u00e9 z\u00e1vislosti"}]},{"@type":"WebSite","@id":"https:\/\/psychoterapie-brno.eu\/#website","url":"https:\/\/psychoterapie-brno.eu\/","name":"Psychoterapie Brno","description":"Krizov\u00e1 intervence, individu\u00e1ln\u00ed psychoterapie, kou\u010dink p\u0159i zm\u011bn\u011b \u017eivotn\u00edho stylu, p\u00e1rov\u00e1 terapie. Poradna pro z\u00e1visl\u00e9 nejen na alkoholu a jejich rodinn\u00e9 p\u0159\u00edslu\u0161n\u00edky.","potentialAction":[{"@type":"SearchAction","target":{"@type":"EntryPoint","urlTemplate":"https:\/\/psychoterapie-brno.eu\/?s={search_term_string}"},"query-input":{"@type":"PropertyValueSpecification","valueRequired":true,"valueName":"search_term_string"}}],"inLanguage":"cs"}]}},"_links":{"self":[{"href":"https:\/\/psychoterapie-brno.eu\/index.php\/wp-json\/wp\/v2\/pages\/24","targetHints":{"allow":["GET"]}}],"collection":[{"href":"https:\/\/psychoterapie-brno.eu\/index.php\/wp-json\/wp\/v2\/pages"}],"about":[{"href":"https:\/\/psychoterapie-brno.eu\/index.php\/wp-json\/wp\/v2\/types\/page"}],"author":[{"embeddable":true,"href":"https:\/\/psychoterapie-brno.eu\/index.php\/wp-json\/wp\/v2\/users\/1"}],"replies":[{"embeddable":true,"href":"https:\/\/psychoterapie-brno.eu\/index.php\/wp-json\/wp\/v2\/comments?post=24"}],"version-history":[{"count":2,"href":"https:\/\/psychoterapie-brno.eu\/index.php\/wp-json\/wp\/v2\/pages\/24\/revisions"}],"predecessor-version":[{"id":90,"href":"https:\/\/psychoterapie-brno.eu\/index.php\/wp-json\/wp\/v2\/pages\/24\/revisions\/90"}],"wp:attachment":[{"href":"https:\/\/psychoterapie-brno.eu\/index.php\/wp-json\/wp\/v2\/media?parent=24"}],"curies":[{"name":"wp","href":"https:\/\/api.w.org\/{rel}","templated":true}]}}