{"id":22,"date":"2018-01-22T22:51:21","date_gmt":"2018-01-22T21:51:21","guid":{"rendered":"https:\/\/psychoterapie-brno.eu\/?page_id=22"},"modified":"2018-02-18T20:33:32","modified_gmt":"2018-02-18T19:33:32","slug":"kontakt","status":"publish","type":"page","link":"https:\/\/psychoterapie-brno.eu\/index.php\/kontakt\/","title":{"rendered":"Kontakt"},"content":{"rendered":"<p><strong>Roman Petr\u017eelka<\/strong><br \/>\nTaussigova 15, Brno &#8211; \u017didenice, 615 00<\/p>\n<p>777 237 843<\/p>\n<p>&nbsp;<\/p>\n<p><img loading=\"lazy\" decoding=\"async\" class=\"alignleft wp-image-39 size-full\" src=\"https:\/\/psychoterapie-brno.eu\/wp-content\/uploads\/2018\/01\/mapa.jpg\" alt=\"\" width=\"780\" height=\"808\" srcset=\"https:\/\/psychoterapie-brno.eu\/wp-content\/uploads\/2018\/01\/mapa.jpg 780w, https:\/\/psychoterapie-brno.eu\/wp-content\/uploads\/2018\/01\/mapa-290x300.jpg 290w, https:\/\/psychoterapie-brno.eu\/wp-content\/uploads\/2018\/01\/mapa-768x796.jpg 768w, https:\/\/psychoterapie-brno.eu\/wp-content\/uploads\/2018\/01\/mapa-624x646.jpg 624w\" sizes=\"auto, (max-width: 780px) 100vw, 780px\" \/><\/p>\n<p>Views: 5536<\/p>","protected":false},"excerpt":{"rendered":"<p>Roman Petr\u017eelka Taussigova 15, Brno &#8211; \u017didenice, 615 00 777 237 843 &nbsp; Views: 5536<\/p>\n","protected":false},"author":1,"featured_media":0,"parent":0,"menu_order":10,"comment_status":"closed","ping_status":"closed","template":"","meta":{"footnotes":""},"class_list":["post-22","page","type-page","status-publish","hentry"],"yoast_head":"<!-- This site is optimized with the Yoast SEO plugin v27.4 - https:\/\/yoast.com\/product\/yoast-seo-wordpress\/ -->\n<title>Kontakt - Psychoterapie Brno | Roman Petr\u017eelka<\/title>\n<meta name=\"robots\" content=\"index, follow, max-snippet:-1, max-image-preview:large, max-video-preview:-1\" \/>\n<link rel=\"canonical\" href=\"https:\/\/psychoterapie-brno.eu\/index.php\/kontakt\/\" \/>\n<meta property=\"og:locale\" content=\"cs_CZ\" \/>\n<meta property=\"og:type\" content=\"article\" \/>\n<meta property=\"og:title\" content=\"Kontakt - Psychoterapie Brno | Roman Petr\u017eelka\" \/>\n<meta property=\"og:description\" content=\"Roman Petr\u017eelka Taussigova 15, Brno &#8211; \u017didenice, 615 00 777 237 843 &nbsp; Views: 5536\" \/>\n<meta property=\"og:url\" content=\"https:\/\/psychoterapie-brno.eu\/index.php\/kontakt\/\" \/>\n<meta property=\"og:site_name\" content=\"Psychoterapie Brno | Roman Petr\u017eelka\" \/>\n<meta property=\"article:modified_time\" content=\"2018-02-18T19:33:32+00:00\" \/>\n<meta property=\"og:image\" content=\"https:\/\/psychoterapie-brno.eu\/wp-content\/uploads\/2018\/01\/mapa.jpg\" \/>\n<meta name=\"twitter:card\" content=\"summary_large_image\" \/>\n<script type=\"application\/ld+json\" class=\"yoast-schema-graph\">{\"@context\":\"https:\\\/\\\/schema.org\",\"@graph\":[{\"@type\":\"WebPage\",\"@id\":\"https:\\\/\\\/psychoterapie-brno.eu\\\/index.php\\\/kontakt\\\/\",\"url\":\"https:\\\/\\\/psychoterapie-brno.eu\\\/index.php\\\/kontakt\\\/\",\"name\":\"Kontakt - Psychoterapie Brno | Roman Petr\u017eelka\",\"isPartOf\":{\"@id\":\"https:\\\/\\\/psychoterapie-brno.eu\\\/#website\"},\"primaryImageOfPage\":{\"@id\":\"https:\\\/\\\/psychoterapie-brno.eu\\\/index.php\\\/kontakt\\\/#primaryimage\"},\"image\":{\"@id\":\"https:\\\/\\\/psychoterapie-brno.eu\\\/index.php\\\/kontakt\\\/#primaryimage\"},\"thumbnailUrl\":\"http:\\\/\\\/psychoterapie-brno.eu\\\/wp-content\\\/uploads\\\/2018\\\/01\\\/mapa.jpg\",\"datePublished\":\"2018-01-22T21:51:21+00:00\",\"dateModified\":\"2018-02-18T19:33:32+00:00\",\"breadcrumb\":{\"@id\":\"https:\\\/\\\/psychoterapie-brno.eu\\\/index.php\\\/kontakt\\\/#breadcrumb\"},\"inLanguage\":\"cs\",\"potentialAction\":[{\"@type\":\"ReadAction\",\"target\":[\"https:\\\/\\\/psychoterapie-brno.eu\\\/index.php\\\/kontakt\\\/\"]}]},{\"@type\":\"ImageObject\",\"inLanguage\":\"cs\",\"@id\":\"https:\\\/\\\/psychoterapie-brno.eu\\\/index.php\\\/kontakt\\\/#primaryimage\",\"url\":\"https:\\\/\\\/psychoterapie-brno.eu\\\/wp-content\\\/uploads\\\/2018\\\/01\\\/mapa.jpg\",\"contentUrl\":\"https:\\\/\\\/psychoterapie-brno.eu\\\/wp-content\\\/uploads\\\/2018\\\/01\\\/mapa.jpg\",\"width\":780,\"height\":808},{\"@type\":\"BreadcrumbList\",\"@id\":\"https:\\\/\\\/psychoterapie-brno.eu\\\/index.php\\\/kontakt\\\/#breadcrumb\",\"itemListElement\":[{\"@type\":\"ListItem\",\"position\":1,\"name\":\"Dom\u016f\",\"item\":\"https:\\\/\\\/psychoterapie-brno.eu\\\/\"},{\"@type\":\"ListItem\",\"position\":2,\"name\":\"Kontakt\"}]},{\"@type\":\"WebSite\",\"@id\":\"https:\\\/\\\/psychoterapie-brno.eu\\\/#website\",\"url\":\"https:\\\/\\\/psychoterapie-brno.eu\\\/\",\"name\":\"Psychoterapie Brno\",\"description\":\"Krizov\u00e1 intervence, individu\u00e1ln\u00ed psychoterapie, kou\u010dink p\u0159i zm\u011bn\u011b \u017eivotn\u00edho stylu, p\u00e1rov\u00e1 terapie. Poradna pro z\u00e1visl\u00e9 nejen na alkoholu a jejich rodinn\u00e9 p\u0159\u00edslu\u0161n\u00edky.\",\"potentialAction\":[{\"@type\":\"SearchAction\",\"target\":{\"@type\":\"EntryPoint\",\"urlTemplate\":\"https:\\\/\\\/psychoterapie-brno.eu\\\/?s={search_term_string}\"},\"query-input\":{\"@type\":\"PropertyValueSpecification\",\"valueRequired\":true,\"valueName\":\"search_term_string\"}}],\"inLanguage\":\"cs\"}]}<\/script>\n<!-- \/ Yoast SEO plugin. -->","yoast_head_json":{"title":"Kontakt - Psychoterapie Brno | Roman Petr\u017eelka","robots":{"index":"index","follow":"follow","max-snippet":"max-snippet:-1","max-image-preview":"max-image-preview:large","max-video-preview":"max-video-preview:-1"},"canonical":"https:\/\/psychoterapie-brno.eu\/index.php\/kontakt\/","og_locale":"cs_CZ","og_type":"article","og_title":"Kontakt - Psychoterapie Brno | Roman Petr\u017eelka","og_description":"Roman Petr\u017eelka Taussigova 15, Brno &#8211; \u017didenice, 615 00 777 237 843 &nbsp; Views: 5536","og_url":"https:\/\/psychoterapie-brno.eu\/index.php\/kontakt\/","og_site_name":"Psychoterapie Brno | Roman Petr\u017eelka","article_modified_time":"2018-02-18T19:33:32+00:00","og_image":[{"url":"https:\/\/psychoterapie-brno.eu\/wp-content\/uploads\/2018\/01\/mapa.jpg","type":"","width":"","height":""}],"twitter_card":"summary_large_image","schema":{"@context":"https:\/\/schema.org","@graph":[{"@type":"WebPage","@id":"https:\/\/psychoterapie-brno.eu\/index.php\/kontakt\/","url":"https:\/\/psychoterapie-brno.eu\/index.php\/kontakt\/","name":"Kontakt - Psychoterapie Brno | Roman Petr\u017eelka","isPartOf":{"@id":"https:\/\/psychoterapie-brno.eu\/#website"},"primaryImageOfPage":{"@id":"https:\/\/psychoterapie-brno.eu\/index.php\/kontakt\/#primaryimage"},"image":{"@id":"https:\/\/psychoterapie-brno.eu\/index.php\/kontakt\/#primaryimage"},"thumbnailUrl":"https:\/\/psychoterapie-brno.eu\/wp-content\/uploads\/2018\/01\/mapa.jpg","datePublished":"2018-01-22T21:51:21+00:00","dateModified":"2018-02-18T19:33:32+00:00","breadcrumb":{"@id":"https:\/\/psychoterapie-brno.eu\/index.php\/kontakt\/#breadcrumb"},"inLanguage":"cs","potentialAction":[{"@type":"ReadAction","target":["https:\/\/psychoterapie-brno.eu\/index.php\/kontakt\/"]}]},{"@type":"ImageObject","inLanguage":"cs","@id":"https:\/\/psychoterapie-brno.eu\/index.php\/kontakt\/#primaryimage","url":"https:\/\/psychoterapie-brno.eu\/wp-content\/uploads\/2018\/01\/mapa.jpg","contentUrl":"https:\/\/psychoterapie-brno.eu\/wp-content\/uploads\/2018\/01\/mapa.jpg","width":780,"height":808},{"@type":"BreadcrumbList","@id":"https:\/\/psychoterapie-brno.eu\/index.php\/kontakt\/#breadcrumb","itemListElement":[{"@type":"ListItem","position":1,"name":"Dom\u016f","item":"https:\/\/psychoterapie-brno.eu\/"},{"@type":"ListItem","position":2,"name":"Kontakt"}]},{"@type":"WebSite","@id":"https:\/\/psychoterapie-brno.eu\/#website","url":"https:\/\/psychoterapie-brno.eu\/","name":"Psychoterapie Brno","description":"Krizov\u00e1 intervence, individu\u00e1ln\u00ed psychoterapie, kou\u010dink p\u0159i zm\u011bn\u011b \u017eivotn\u00edho stylu, p\u00e1rov\u00e1 terapie. Poradna pro z\u00e1visl\u00e9 nejen na alkoholu a jejich rodinn\u00e9 p\u0159\u00edslu\u0161n\u00edky.","potentialAction":[{"@type":"SearchAction","target":{"@type":"EntryPoint","urlTemplate":"https:\/\/psychoterapie-brno.eu\/?s={search_term_string}"},"query-input":{"@type":"PropertyValueSpecification","valueRequired":true,"valueName":"search_term_string"}}],"inLanguage":"cs"}]}},"_links":{"self":[{"href":"https:\/\/psychoterapie-brno.eu\/index.php\/wp-json\/wp\/v2\/pages\/22","targetHints":{"allow":["GET"]}}],"collection":[{"href":"https:\/\/psychoterapie-brno.eu\/index.php\/wp-json\/wp\/v2\/pages"}],"about":[{"href":"https:\/\/psychoterapie-brno.eu\/index.php\/wp-json\/wp\/v2\/types\/page"}],"author":[{"embeddable":true,"href":"https:\/\/psychoterapie-brno.eu\/index.php\/wp-json\/wp\/v2\/users\/1"}],"replies":[{"embeddable":true,"href":"https:\/\/psychoterapie-brno.eu\/index.php\/wp-json\/wp\/v2\/comments?post=22"}],"version-history":[{"count":4,"href":"https:\/\/psychoterapie-brno.eu\/index.php\/wp-json\/wp\/v2\/pages\/22\/revisions"}],"predecessor-version":[{"id":56,"href":"https:\/\/psychoterapie-brno.eu\/index.php\/wp-json\/wp\/v2\/pages\/22\/revisions\/56"}],"wp:attachment":[{"href":"https:\/\/psychoterapie-brno.eu\/index.php\/wp-json\/wp\/v2\/media?parent=22"}],"curies":[{"name":"wp","href":"https:\/\/api.w.org\/{rel}","templated":true}]}}