{"id":14,"date":"2018-01-22T22:50:15","date_gmt":"2018-01-22T21:50:15","guid":{"rendered":"https:\/\/psychoterapie-brno.eu\/?page_id=14"},"modified":"2018-01-29T00:02:29","modified_gmt":"2018-01-28T23:02:29","slug":"kdo-jsem","status":"publish","type":"page","link":"https:\/\/psychoterapie-brno.eu\/index.php\/kdo-jsem\/","title":{"rendered":"Kdo jsem"},"content":{"rendered":"<p style=\"text-align: justify;\">Narodil jsem se v Brn\u011b roku 1970, a v Brn\u011b tak\u00e9 \u017eiji a pracuji.<br \/>\nJsem p\u016fvodn\u00edm povol\u00e1n\u00edm um\u011blec &#8211; v\u00fdtvarn\u00edk. \u017divot m\u011b v\u0161ak postupem \u010dasu p\u0159ivedl k\u00a0profesion\u00e1ln\u00ed pomoci druh\u00fdm.<br \/>\nK pr\u00e1ci s lidmi m\u011b v roce 1994 p\u0159ivedla spolupr\u00e1ce s posleneckou kancel\u00e1\u0159\u00ed poslance PS \u010cR ing. Milo\u0161e Sko\u010dovsk\u00e9ho, CSc., kde jsem figuroval jako poradce v oblasti soci\u00e1ln\u00ed problematiky ml\u00e1de\u017ee.<br \/>\nV roce 1995 jsem nastoupil v Diagnostick\u00e9m \u00fastavu ml\u00e1de\u017ee v Brn\u011b jako vychovatel. Tato pr\u00e1ce mne definitivn\u011b p\u0159esv\u011bd\u010dila, \u017ee chci pom\u00e1hat druh\u00fdm, \u017ee mne druz\u00ed lid\u00e9 zaj\u00edmaj\u00ed, a sou\u010dasn\u011b mn\u011b p\u0159inesla bohat\u00e9 zku\u0161enosti v oblasti r\u016fznorodosti lidsk\u00fdch povah.<br \/>\nOd roku 2005 pracuji v neziskov\u00e9 organizaci Lotos Brno, o.p.s. jako terapeut a od roku 2010 jako vedouc\u00ed terapeut \u017eensk\u00e9ho odd\u011blen\u00ed. Zde se zab\u00fdv\u00e1m problematikou z\u00e1vislost\u00ed, p\u0159ev\u00e1\u017en\u011b alkoholov\u00e9.<br \/>\nPo absolvov\u00e1n\u00ed Multidisciplin\u00e1rn\u00edho kurzu zam\u011b\u0159en\u00e9ho na prevenci, l\u00e9\u010dbu a redukci \u0161kod zneu\u017e\u00edv\u00e1n\u00ed n\u00e1vykov\u00fdch l\u00e1tek v rozzsahu 160 hodin jsem z\u00edskal kvalifikaci jako soci\u00e1ln\u00ed pracovn\u00edk.<br \/>\nPro roz\u0161\u00ed\u0159en\u00ed sv\u00e9 kvalifikace jsem pro\u0161el dvouap\u016fllet\u00fdm v\u00fdcvikem L\u00e9\u010dba traumat po n\u00e1sil\u00ed v\u00a0rodin\u011b \u2013 transfoma\u010dn\u00ed systemick\u00e1 terapie v rozsahu 323 hodin pod veden\u00edm kanadsk\u00e9 lektorky Kathlyne Maki Banmen, MA, RCC a pod patronac\u00ed In\u0161tit\u00fatu Virginie Satirovej V\u00a0Slovenskej republike. V\u00fdcvik u m\u011b pos\u00edlil schopnost vn\u00edmat lidsk\u00e9 probl\u00e9my v \u0161ir\u0161\u00edm kontextu. Supervizn\u011b byl v\u00fdcvik zam\u011b\u0159en\u00fd p\u0159edev\u0161\u00edm na individu\u00e1ln\u00ed terapii.<br \/>\nTak\u00e9 jsem pro\u0161el komplexn\u00edm vzd\u011bl\u00e1vac\u00edm programem v psychoterapii SUR v d\u00e9lce p\u011bti a p\u016fl roku, celkem 537 hodin v komunit\u011b veden\u00e9 PhDr. Miroslavem Vyhn\u00e1lkem. B\u011bhem tohoto v\u00fdcviku jsem z\u00edskal dosti cenn\u00e9 zku\u0161enosti v pr\u00e1ci se skupinou.<br \/>\nDal\u0161\u00edch v\u00edce ne\u017e 1000 hodin jsem si dopl\u0148oval znalosti i dovednosti v akreditovan\u00fdch kurzech, jako je krizov\u00e1 intervence, um\u011bn\u00ed komunikace, prvn\u00ed pomoc, n\u00e1sil\u00ed v rodin\u011b, psychosoci\u00e1ln\u00ed rehabilitace, model r\u016fstu, \u00favod do tane\u010dn\u00ed a pohybov\u00e9 terapie a mnoho dal\u0161\u00edch.<br \/>\nP\u0159ipo\u010d\u00edt\u00e1m-li k tomu v\u0161emu praxi \u010d\u00edtaj\u00edc\u00ed v\u00edce ne\u017e dvacet let p\u0159\u00edm\u00e9 pr\u00e1ce s klienty, jsem p\u0159esv\u011bd\u010den, \u017ee m\u00e1m co nab\u00eddnout p\u0159i \u0159e\u0161en\u00ed probl\u00e9m\u016f druh\u00fdch.<\/p>\n<p>Views: 2120<\/p>","protected":false},"excerpt":{"rendered":"<p>Narodil jsem se v Brn\u011b roku 1970, a v Brn\u011b tak\u00e9 \u017eiji a pracuji. Jsem p\u016fvodn\u00edm povol\u00e1n\u00edm um\u011blec &#8211; v\u00fdtvarn\u00edk. \u017divot m\u011b v\u0161ak postupem \u010dasu p\u0159ivedl k\u00a0profesion\u00e1ln\u00ed pomoci druh\u00fdm. K pr\u00e1ci s lidmi m\u011b v roce 1994 p\u0159ivedla spolupr\u00e1ce s posleneckou kancel\u00e1\u0159\u00ed poslance PS \u010cR ing. Milo\u0161e Sko\u010dovsk\u00e9ho, CSc., kde jsem figuroval jako poradce v [&hellip;]<\/p>\n","protected":false},"author":1,"featured_media":0,"parent":0,"menu_order":2,"comment_status":"closed","ping_status":"closed","template":"","meta":{"footnotes":""},"class_list":["post-14","page","type-page","status-publish","hentry"],"yoast_head":"<!-- This site is optimized with the Yoast SEO plugin v27.4 - https:\/\/yoast.com\/product\/yoast-seo-wordpress\/ -->\n<title>Kdo jsem - Psychoterapie Brno | Roman Petr\u017eelka<\/title>\n<meta name=\"robots\" content=\"index, follow, max-snippet:-1, max-image-preview:large, max-video-preview:-1\" \/>\n<link rel=\"canonical\" href=\"https:\/\/psychoterapie-brno.eu\/index.php\/kdo-jsem\/\" \/>\n<meta property=\"og:locale\" content=\"cs_CZ\" \/>\n<meta property=\"og:type\" content=\"article\" \/>\n<meta property=\"og:title\" content=\"Kdo jsem - Psychoterapie Brno | Roman Petr\u017eelka\" \/>\n<meta property=\"og:description\" content=\"Narodil jsem se v Brn\u011b roku 1970, a v Brn\u011b tak\u00e9 \u017eiji a pracuji. Jsem p\u016fvodn\u00edm povol\u00e1n\u00edm um\u011blec &#8211; v\u00fdtvarn\u00edk. \u017divot m\u011b v\u0161ak postupem \u010dasu p\u0159ivedl k\u00a0profesion\u00e1ln\u00ed pomoci druh\u00fdm. K pr\u00e1ci s lidmi m\u011b v roce 1994 p\u0159ivedla spolupr\u00e1ce s posleneckou kancel\u00e1\u0159\u00ed poslance PS \u010cR ing. Milo\u0161e Sko\u010dovsk\u00e9ho, CSc., kde jsem figuroval jako poradce v [&hellip;]\" \/>\n<meta property=\"og:url\" content=\"https:\/\/psychoterapie-brno.eu\/index.php\/kdo-jsem\/\" \/>\n<meta property=\"og:site_name\" content=\"Psychoterapie Brno | Roman Petr\u017eelka\" \/>\n<meta property=\"article:modified_time\" content=\"2018-01-28T23:02:29+00:00\" \/>\n<meta name=\"twitter:card\" content=\"summary_large_image\" \/>\n<meta name=\"twitter:label1\" content=\"Odhadovan\u00e1 doba \u010dten\u00ed\" \/>\n\t<meta name=\"twitter:data1\" content=\"2 minuty\" \/>\n<script type=\"application\/ld+json\" class=\"yoast-schema-graph\">{\"@context\":\"https:\\\/\\\/schema.org\",\"@graph\":[{\"@type\":\"WebPage\",\"@id\":\"https:\\\/\\\/psychoterapie-brno.eu\\\/index.php\\\/kdo-jsem\\\/\",\"url\":\"https:\\\/\\\/psychoterapie-brno.eu\\\/index.php\\\/kdo-jsem\\\/\",\"name\":\"Kdo jsem - Psychoterapie Brno | Roman Petr\u017eelka\",\"isPartOf\":{\"@id\":\"https:\\\/\\\/psychoterapie-brno.eu\\\/#website\"},\"datePublished\":\"2018-01-22T21:50:15+00:00\",\"dateModified\":\"2018-01-28T23:02:29+00:00\",\"breadcrumb\":{\"@id\":\"https:\\\/\\\/psychoterapie-brno.eu\\\/index.php\\\/kdo-jsem\\\/#breadcrumb\"},\"inLanguage\":\"cs\",\"potentialAction\":[{\"@type\":\"ReadAction\",\"target\":[\"https:\\\/\\\/psychoterapie-brno.eu\\\/index.php\\\/kdo-jsem\\\/\"]}]},{\"@type\":\"BreadcrumbList\",\"@id\":\"https:\\\/\\\/psychoterapie-brno.eu\\\/index.php\\\/kdo-jsem\\\/#breadcrumb\",\"itemListElement\":[{\"@type\":\"ListItem\",\"position\":1,\"name\":\"Dom\u016f\",\"item\":\"https:\\\/\\\/psychoterapie-brno.eu\\\/\"},{\"@type\":\"ListItem\",\"position\":2,\"name\":\"Kdo jsem\"}]},{\"@type\":\"WebSite\",\"@id\":\"https:\\\/\\\/psychoterapie-brno.eu\\\/#website\",\"url\":\"https:\\\/\\\/psychoterapie-brno.eu\\\/\",\"name\":\"Psychoterapie Brno\",\"description\":\"Krizov\u00e1 intervence, individu\u00e1ln\u00ed psychoterapie, kou\u010dink p\u0159i zm\u011bn\u011b \u017eivotn\u00edho stylu, p\u00e1rov\u00e1 terapie. Poradna pro z\u00e1visl\u00e9 nejen na alkoholu a jejich rodinn\u00e9 p\u0159\u00edslu\u0161n\u00edky.\",\"potentialAction\":[{\"@type\":\"SearchAction\",\"target\":{\"@type\":\"EntryPoint\",\"urlTemplate\":\"https:\\\/\\\/psychoterapie-brno.eu\\\/?s={search_term_string}\"},\"query-input\":{\"@type\":\"PropertyValueSpecification\",\"valueRequired\":true,\"valueName\":\"search_term_string\"}}],\"inLanguage\":\"cs\"}]}<\/script>\n<!-- \/ Yoast SEO plugin. -->","yoast_head_json":{"title":"Kdo jsem - Psychoterapie Brno | Roman Petr\u017eelka","robots":{"index":"index","follow":"follow","max-snippet":"max-snippet:-1","max-image-preview":"max-image-preview:large","max-video-preview":"max-video-preview:-1"},"canonical":"https:\/\/psychoterapie-brno.eu\/index.php\/kdo-jsem\/","og_locale":"cs_CZ","og_type":"article","og_title":"Kdo jsem - Psychoterapie Brno | Roman Petr\u017eelka","og_description":"Narodil jsem se v Brn\u011b roku 1970, a v Brn\u011b tak\u00e9 \u017eiji a pracuji. Jsem p\u016fvodn\u00edm povol\u00e1n\u00edm um\u011blec &#8211; v\u00fdtvarn\u00edk. \u017divot m\u011b v\u0161ak postupem \u010dasu p\u0159ivedl k\u00a0profesion\u00e1ln\u00ed pomoci druh\u00fdm. K pr\u00e1ci s lidmi m\u011b v roce 1994 p\u0159ivedla spolupr\u00e1ce s posleneckou kancel\u00e1\u0159\u00ed poslance PS \u010cR ing. Milo\u0161e Sko\u010dovsk\u00e9ho, CSc., kde jsem figuroval jako poradce v [&hellip;]","og_url":"https:\/\/psychoterapie-brno.eu\/index.php\/kdo-jsem\/","og_site_name":"Psychoterapie Brno | Roman Petr\u017eelka","article_modified_time":"2018-01-28T23:02:29+00:00","twitter_card":"summary_large_image","twitter_misc":{"Odhadovan\u00e1 doba \u010dten\u00ed":"2 minuty"},"schema":{"@context":"https:\/\/schema.org","@graph":[{"@type":"WebPage","@id":"https:\/\/psychoterapie-brno.eu\/index.php\/kdo-jsem\/","url":"https:\/\/psychoterapie-brno.eu\/index.php\/kdo-jsem\/","name":"Kdo jsem - Psychoterapie Brno | Roman Petr\u017eelka","isPartOf":{"@id":"https:\/\/psychoterapie-brno.eu\/#website"},"datePublished":"2018-01-22T21:50:15+00:00","dateModified":"2018-01-28T23:02:29+00:00","breadcrumb":{"@id":"https:\/\/psychoterapie-brno.eu\/index.php\/kdo-jsem\/#breadcrumb"},"inLanguage":"cs","potentialAction":[{"@type":"ReadAction","target":["https:\/\/psychoterapie-brno.eu\/index.php\/kdo-jsem\/"]}]},{"@type":"BreadcrumbList","@id":"https:\/\/psychoterapie-brno.eu\/index.php\/kdo-jsem\/#breadcrumb","itemListElement":[{"@type":"ListItem","position":1,"name":"Dom\u016f","item":"https:\/\/psychoterapie-brno.eu\/"},{"@type":"ListItem","position":2,"name":"Kdo jsem"}]},{"@type":"WebSite","@id":"https:\/\/psychoterapie-brno.eu\/#website","url":"https:\/\/psychoterapie-brno.eu\/","name":"Psychoterapie Brno","description":"Krizov\u00e1 intervence, individu\u00e1ln\u00ed psychoterapie, kou\u010dink p\u0159i zm\u011bn\u011b \u017eivotn\u00edho stylu, p\u00e1rov\u00e1 terapie. Poradna pro z\u00e1visl\u00e9 nejen na alkoholu a jejich rodinn\u00e9 p\u0159\u00edslu\u0161n\u00edky.","potentialAction":[{"@type":"SearchAction","target":{"@type":"EntryPoint","urlTemplate":"https:\/\/psychoterapie-brno.eu\/?s={search_term_string}"},"query-input":{"@type":"PropertyValueSpecification","valueRequired":true,"valueName":"search_term_string"}}],"inLanguage":"cs"}]}},"_links":{"self":[{"href":"https:\/\/psychoterapie-brno.eu\/index.php\/wp-json\/wp\/v2\/pages\/14","targetHints":{"allow":["GET"]}}],"collection":[{"href":"https:\/\/psychoterapie-brno.eu\/index.php\/wp-json\/wp\/v2\/pages"}],"about":[{"href":"https:\/\/psychoterapie-brno.eu\/index.php\/wp-json\/wp\/v2\/types\/page"}],"author":[{"embeddable":true,"href":"https:\/\/psychoterapie-brno.eu\/index.php\/wp-json\/wp\/v2\/users\/1"}],"replies":[{"embeddable":true,"href":"https:\/\/psychoterapie-brno.eu\/index.php\/wp-json\/wp\/v2\/comments?post=14"}],"version-history":[{"count":3,"href":"https:\/\/psychoterapie-brno.eu\/index.php\/wp-json\/wp\/v2\/pages\/14\/revisions"}],"predecessor-version":[{"id":44,"href":"https:\/\/psychoterapie-brno.eu\/index.php\/wp-json\/wp\/v2\/pages\/14\/revisions\/44"}],"wp:attachment":[{"href":"https:\/\/psychoterapie-brno.eu\/index.php\/wp-json\/wp\/v2\/media?parent=14"}],"curies":[{"name":"wp","href":"https:\/\/api.w.org\/{rel}","templated":true}]}}